{"id":258947,"date":"2025-02-21T10:31:29","date_gmt":"2025-02-21T10:31:29","guid":{"rendered":"https:\/\/trailerpartner.com\/vende-tu-vehiculo\/"},"modified":"2025-06-25T09:16:52","modified_gmt":"2025-06-25T09:16:52","slug":"vende-tu-vehiculo","status":"publish","type":"page","link":"https:\/\/trailerpartner.com\/es\/vende-tu-vehiculo\/","title":{"rendered":"Vende tu veh\u00edculo"},"content":{"rendered":"<div class=\"wpb-content-wrapper\"><p>[vc_row][vc_column][vc_custom_heading text=\u00bbVende tu veh\u00edculo\u00bb font_container=\u00bbtag:h1|text_align:left|color:%23D03C28&#8243; use_theme_fonts=\u00bbyes\u00bb css=\u00bb\u00bb]\t\t<div id=\"wd-68359fac61411\" class=\"wd-text-block wd-wpb reset-last-child wd-rs-68359fac61411 text-left  sales-black-text\">\n\t\t\t<p class=\"x_MsoNormal\"><span data-olk-copy-source=\"MessageBody\">\u00bfTienes alg\u00fan veh\u00edculo que est\u00e9s pensando en vender, como remolque, cami\u00f3n u otro equipo de transporte especializado?<br \/>Entonces has venido al lugar adecuado.<\/span><\/p>\n<p class=\"x_MsoNormal\">En Trailerpartner A\/S, siempre estamos interesados en valorar tu veh\u00edculo. Juntos encontraremos un precio justo y satisfactorio para ambas partes.<br \/>\nSi no fuera posible una compra directa, tambi\u00e9n ofrecemos ventas a comisi\u00f3n en las que nos encargamos de todo el proceso de venta por ti.   <\/p>\n<p class=\"x_MsoNormal\">Nos anunciamos internacionalmente y tenemos una gran visibilidad en todas nuestras plataformas comerciales, lo que nos da la mejor oportunidad posible de encontrar el comprador adecuado para tu veh\u00edculo.<\/p>\n<p class=\"x_MsoNormal\">\u00bfTe interesa?<br \/>\nRellena el siguiente formulario de contacto y nos pondremos en contacto contigo en breve.<br \/>\nTambi\u00e9n puedes llamarnos al <a href=\"tel:+4574822888\">+45 7482 2888<\/a> o enviarnos un correo electr\u00f3nico a <a href=\"mailto:sales@trailerpartner.com\">sales@trailerpartner.com<\/a>.<\/p>\n\t\t<\/div>\n\t\t\n<div class=\"wpcf7 no-js\" id=\"wpcf7-f258862-o1\" lang=\"es-ES\" dir=\"ltr\" data-wpcf7-id=\"258862\">\n<div class=\"screen-reader-response\"><p role=\"status\" aria-live=\"polite\" aria-atomic=\"true\"><\/p> <ul><\/ul><\/div>\n<form action=\"\/es\/wp-json\/wp\/v2\/pages\/258947#wpcf7-f258862-o1\" method=\"post\" class=\"wpcf7-form init\" aria-label=\"Formulario de contacto\" enctype=\"multipart\/form-data\" novalidate=\"novalidate\" data-status=\"init\">\n<div style=\"display: none;\">\n<input type=\"hidden\" name=\"_wpcf7\" value=\"258862\" \/>\n<input type=\"hidden\" name=\"_wpcf7_version\" value=\"6.0.6\" \/>\n<input type=\"hidden\" name=\"_wpcf7_locale\" value=\"es_ES\" \/>\n<input type=\"hidden\" name=\"_wpcf7_unit_tag\" value=\"wpcf7-f258862-o1\" \/>\n<input type=\"hidden\" name=\"_wpcf7_container_post\" value=\"0\" \/>\n<input type=\"hidden\" name=\"_wpcf7_posted_data_hash\" value=\"\" \/>\n<\/div>\n<div id=\"contact-form\">\n\t<div class=\"row\">\n\t\t<div class=\"vc_col-lg-4 vc_col-md-4 vc_col-sm-12 vc_col-xs-12\">\n\t\t\t<p><label><span class=\"wpcf7-form-control-wrap\" data-name=\"contact-company\"><input size=\"40\" maxlength=\"400\" class=\"wpcf7-form-control wpcf7-text wpcf7-validates-as-required\" aria-required=\"true\" aria-invalid=\"false\" placeholder=\"Empresa\" value=\"\" type=\"text\" name=\"contact-company\" \/><\/span><\/label>\n\t\t\t<\/p>\n\t\t<\/div>\n\t\t<div class=\"vc_col-lg-4 vc_col-md-4 vc_col-sm-12 vc_col-xs-12\">\n\t\t\t<p><label><span class=\"wpcf7-form-control-wrap\" data-name=\"contact-name\"><input size=\"40\" maxlength=\"400\" class=\"wpcf7-form-control wpcf7-text wpcf7-validates-as-required\" autocomplete=\"name\" aria-required=\"true\" aria-invalid=\"false\" placeholder=\"Nombre\" value=\"\" type=\"text\" name=\"contact-name\" \/><\/span><\/label>\n\t\t\t<\/p>\n\t\t<\/div>\n\t<\/div>\n\t<div class=\"row\">\n\t\t<div class=\"vc_col-lg-4 vc_col-md-4 vc_col-sm-12 vc_col-xs-12\">\n\t\t\t<p><label><span class=\"wpcf7-form-control-wrap\" data-name=\"contact-email\"><input size=\"40\" maxlength=\"400\" class=\"wpcf7-form-control wpcf7-email wpcf7-validates-as-required wpcf7-text wpcf7-validates-as-email\" autocomplete=\"email\" aria-required=\"true\" aria-invalid=\"false\" placeholder=\"Correo electr\u00f3nico\" value=\"\" type=\"email\" name=\"contact-email\" \/><\/span><\/label>\n\t\t\t<\/p>\n\t\t<\/div>\n\t\t<div class=\"vc_col-lg-4 vc_col-md-4 vc_col-sm-12 vc_col-xs-12\">\n\t\t\t<p><label><span class=\"wpcf7-form-control-wrap\" data-name=\"contact-number\"><input size=\"40\" maxlength=\"400\" class=\"wpcf7-form-control wpcf7-tel wpcf7-validates-as-required wpcf7-text wpcf7-validates-as-tel\" autocomplete=\"tel\" aria-required=\"true\" aria-invalid=\"false\" placeholder=\"N\u00famero de tel\u00e9fono\" value=\"\" type=\"tel\" name=\"contact-number\" \/><\/span><\/label>\n\t\t\t<\/p>\n\t\t<\/div>\n\t<\/div>\n\t<div class=\"row\">\n\t\t<div class=\"vc_col-lg-12 vc_col-md-12 vc_col-sm-12 vc_col-xs-12\">\n\t\t\t<p><label><span class=\"wpcf7-form-control-wrap\" data-name=\"contact-note\"><textarea cols=\"40\" rows=\"10\" maxlength=\"2000\" class=\"wpcf7-form-control wpcf7-textarea contact-textbox\" aria-invalid=\"false\" placeholder=\"Mensaje:\" name=\"contact-note\"><\/textarea><\/span><\/label>\n\t\t\t<\/p>\n\t\t<\/div>\n\t<\/div>\n\t<div class=\"row\">\n\t\t<div class=\"vc_col-lg-2 vc_col-md-2 vc_col-sm-12 vc_col-xs-12\">\n\t\t\t<p><input class=\"wpcf7-form-control wpcf7-submit has-spinner contact-submit-button\" type=\"submit\" value=\"Enviar mensaje\" \/>\n\t\t\t<\/p>\n\t\t<\/div>\n <!--<div class=\"vc_col-lg-2 vc_col-md-2 vc_col-sm-12 vc_col-xs-12\">\n         <p class=\"float-left contact-sell-text\">Tilf\u00f8j billede: <\/p><span class=\"wpcf7-form-control-wrap\" data-name=\"picture\"><input size=\"40\" class=\"wpcf7-form-control wpcf7-file contact-image\" accept=\"image\/*\" aria-invalid=\"false\" type=\"file\" name=\"picture\" \/><\/span>\n      <\/div>-->\n\t<\/div>\n<\/div><div class=\"wpcf7-response-output\" aria-hidden=\"true\"><\/div>\n<\/form>\n<\/div>\n[\/vc_column][\/vc_row]<\/p>\n<\/div>","protected":false},"excerpt":{"rendered":"<p>[vc_row][vc_column][vc_custom_heading text=\u00bbVende tu veh\u00edculo\u00bb font_container=\u00bbtag:h1|text_align:left|color:%23D03C28&#8243; use_theme_fonts=\u00bbyes\u00bb css=\u00bb\u00bb][\/vc_column][\/vc_row]<\/p>\n","protected":false},"author":5,"featured_media":0,"parent":0,"menu_order":0,"comment_status":"closed","ping_status":"closed","template":"","meta":{"footnotes":""},"class_list":["post-258947","page","type-page","status-publish","hentry"],"yoast_head":"<!-- This site is optimized with the Yoast SEO plugin v26.0 - https:\/\/yoast.com\/wordpress\/plugins\/seo\/ -->\n<title>Vende tu veh\u00edculo - Trailerpartner<\/title>\n<meta name=\"robots\" content=\"index, follow, max-snippet:-1, max-image-preview:large, max-video-preview:-1\" \/>\n<link rel=\"canonical\" href=\"https:\/\/trailerpartner.com\/es\/vende-tu-vehiculo\/\" \/>\n<meta property=\"og:locale\" content=\"es_ES\" \/>\n<meta property=\"og:type\" content=\"article\" \/>\n<meta property=\"og:title\" content=\"Vende tu veh\u00edculo - Trailerpartner\" \/>\n<meta property=\"og:description\" content=\"[vc_row][vc_column][vc_custom_heading text=\u00bbVende tu veh\u00edculo\u00bb font_container=\u00bbtag:h1|text_align:left|color:%23D03C28&#8243; use_theme_fonts=\u00bbyes\u00bb css=\u00bb\u00bb][\/vc_column][\/vc_row]\" \/>\n<meta property=\"og:url\" content=\"https:\/\/trailerpartner.com\/es\/vende-tu-vehiculo\/\" \/>\n<meta property=\"og:site_name\" content=\"Trailerpartner\" \/>\n<meta property=\"article:publisher\" content=\"https:\/\/www.facebook.com\/trailerpartner\" \/>\n<meta property=\"article:modified_time\" content=\"2025-06-25T09:16:52+00:00\" \/>\n<script type=\"application\/ld+json\" class=\"yoast-schema-graph\">{\"@context\":\"https:\/\/schema.org\",\"@graph\":[{\"@type\":\"WebPage\",\"@id\":\"https:\/\/trailerpartner.com\/es\/vende-tu-vehiculo\/\",\"url\":\"https:\/\/trailerpartner.com\/es\/vende-tu-vehiculo\/\",\"name\":\"Vende tu veh\u00edculo - Trailerpartner\",\"isPartOf\":{\"@id\":\"https:\/\/www.trailerpartner.com\/#website\"},\"datePublished\":\"2025-02-21T10:31:29+00:00\",\"dateModified\":\"2025-06-25T09:16:52+00:00\",\"breadcrumb\":{\"@id\":\"https:\/\/trailerpartner.com\/es\/vende-tu-vehiculo\/#breadcrumb\"},\"inLanguage\":\"es\",\"potentialAction\":[{\"@type\":\"ReadAction\",\"target\":[\"https:\/\/trailerpartner.com\/es\/vende-tu-vehiculo\/\"]}]},{\"@type\":\"BreadcrumbList\",\"@id\":\"https:\/\/trailerpartner.com\/es\/vende-tu-vehiculo\/#breadcrumb\",\"itemListElement\":[{\"@type\":\"ListItem\",\"position\":1,\"name\":\"Hjem\",\"item\":\"https:\/\/ec2-3-74-200-234.eu-central-1.compute.amazonaws.com\/es\/\"},{\"@type\":\"ListItem\",\"position\":2,\"name\":\"Vende tu veh\u00edculo\"}]},{\"@type\":\"WebSite\",\"@id\":\"https:\/\/www.trailerpartner.com\/#website\",\"url\":\"https:\/\/www.trailerpartner.com\/\",\"name\":\"Trailerpartner\",\"description\":\"\",\"publisher\":{\"@id\":\"https:\/\/www.trailerpartner.com\/#organization\"},\"potentialAction\":[{\"@type\":\"SearchAction\",\"target\":{\"@type\":\"EntryPoint\",\"urlTemplate\":\"https:\/\/www.trailerpartner.com\/?s={search_term_string}\"},\"query-input\":{\"@type\":\"PropertyValueSpecification\",\"valueRequired\":true,\"valueName\":\"search_term_string\"}}],\"inLanguage\":\"es\"},{\"@type\":\"Organization\",\"@id\":\"https:\/\/www.trailerpartner.com\/#organization\",\"name\":\"Trailerpartner\",\"url\":\"https:\/\/www.trailerpartner.com\/\",\"logo\":{\"@type\":\"ImageObject\",\"inLanguage\":\"es\",\"@id\":\"https:\/\/www.trailerpartner.com\/#\/schema\/logo\/image\/\",\"url\":\"https:\/\/trailerpartner.com\/wp-content\/uploads\/2023\/09\/logo-svg.svg\",\"contentUrl\":\"https:\/\/trailerpartner.com\/wp-content\/uploads\/2023\/09\/logo-svg.svg\",\"width\":1128,\"height\":273,\"caption\":\"Trailerpartner\"},\"image\":{\"@id\":\"https:\/\/www.trailerpartner.com\/#\/schema\/logo\/image\/\"},\"sameAs\":[\"https:\/\/www.facebook.com\/trailerpartner\"]}]}<\/script>\n<!-- \/ Yoast SEO plugin. -->","yoast_head_json":{"title":"Vende tu veh\u00edculo - Trailerpartner","robots":{"index":"index","follow":"follow","max-snippet":"max-snippet:-1","max-image-preview":"max-image-preview:large","max-video-preview":"max-video-preview:-1"},"canonical":"https:\/\/trailerpartner.com\/es\/vende-tu-vehiculo\/","og_locale":"es_ES","og_type":"article","og_title":"Vende tu veh\u00edculo - Trailerpartner","og_description":"[vc_row][vc_column][vc_custom_heading text=\u00bbVende tu veh\u00edculo\u00bb font_container=\u00bbtag:h1|text_align:left|color:%23D03C28&#8243; use_theme_fonts=\u00bbyes\u00bb css=\u00bb\u00bb][\/vc_column][\/vc_row]","og_url":"https:\/\/trailerpartner.com\/es\/vende-tu-vehiculo\/","og_site_name":"Trailerpartner","article_publisher":"https:\/\/www.facebook.com\/trailerpartner","article_modified_time":"2025-06-25T09:16:52+00:00","schema":{"@context":"https:\/\/schema.org","@graph":[{"@type":"WebPage","@id":"https:\/\/trailerpartner.com\/es\/vende-tu-vehiculo\/","url":"https:\/\/trailerpartner.com\/es\/vende-tu-vehiculo\/","name":"Vende tu veh\u00edculo - Trailerpartner","isPartOf":{"@id":"https:\/\/www.trailerpartner.com\/#website"},"datePublished":"2025-02-21T10:31:29+00:00","dateModified":"2025-06-25T09:16:52+00:00","breadcrumb":{"@id":"https:\/\/trailerpartner.com\/es\/vende-tu-vehiculo\/#breadcrumb"},"inLanguage":"es","potentialAction":[{"@type":"ReadAction","target":["https:\/\/trailerpartner.com\/es\/vende-tu-vehiculo\/"]}]},{"@type":"BreadcrumbList","@id":"https:\/\/trailerpartner.com\/es\/vende-tu-vehiculo\/#breadcrumb","itemListElement":[{"@type":"ListItem","position":1,"name":"Hjem","item":"https:\/\/ec2-3-74-200-234.eu-central-1.compute.amazonaws.com\/es\/"},{"@type":"ListItem","position":2,"name":"Vende tu veh\u00edculo"}]},{"@type":"WebSite","@id":"https:\/\/www.trailerpartner.com\/#website","url":"https:\/\/www.trailerpartner.com\/","name":"Trailerpartner","description":"","publisher":{"@id":"https:\/\/www.trailerpartner.com\/#organization"},"potentialAction":[{"@type":"SearchAction","target":{"@type":"EntryPoint","urlTemplate":"https:\/\/www.trailerpartner.com\/?s={search_term_string}"},"query-input":{"@type":"PropertyValueSpecification","valueRequired":true,"valueName":"search_term_string"}}],"inLanguage":"es"},{"@type":"Organization","@id":"https:\/\/www.trailerpartner.com\/#organization","name":"Trailerpartner","url":"https:\/\/www.trailerpartner.com\/","logo":{"@type":"ImageObject","inLanguage":"es","@id":"https:\/\/www.trailerpartner.com\/#\/schema\/logo\/image\/","url":"https:\/\/trailerpartner.com\/wp-content\/uploads\/2023\/09\/logo-svg.svg","contentUrl":"https:\/\/trailerpartner.com\/wp-content\/uploads\/2023\/09\/logo-svg.svg","width":1128,"height":273,"caption":"Trailerpartner"},"image":{"@id":"https:\/\/www.trailerpartner.com\/#\/schema\/logo\/image\/"},"sameAs":["https:\/\/www.facebook.com\/trailerpartner"]}]}},"_links":{"self":[{"href":"https:\/\/trailerpartner.com\/es\/wp-json\/wp\/v2\/pages\/258947","targetHints":{"allow":["GET"]}}],"collection":[{"href":"https:\/\/trailerpartner.com\/es\/wp-json\/wp\/v2\/pages"}],"about":[{"href":"https:\/\/trailerpartner.com\/es\/wp-json\/wp\/v2\/types\/page"}],"author":[{"embeddable":true,"href":"https:\/\/trailerpartner.com\/es\/wp-json\/wp\/v2\/users\/5"}],"replies":[{"embeddable":true,"href":"https:\/\/trailerpartner.com\/es\/wp-json\/wp\/v2\/comments?post=258947"}],"version-history":[{"count":4,"href":"https:\/\/trailerpartner.com\/es\/wp-json\/wp\/v2\/pages\/258947\/revisions"}],"predecessor-version":[{"id":258951,"href":"https:\/\/trailerpartner.com\/es\/wp-json\/wp\/v2\/pages\/258947\/revisions\/258951"}],"wp:attachment":[{"href":"https:\/\/trailerpartner.com\/es\/wp-json\/wp\/v2\/media?parent=258947"}],"curies":[{"name":"wp","href":"https:\/\/api.w.org\/{rel}","templated":true}]}}