{"id":258943,"date":"2025-03-03T12:26:10","date_gmt":"2025-03-03T12:26:10","guid":{"rendered":"https:\/\/trailerpartner.com\/boletin\/"},"modified":"2026-03-18T08:22:32","modified_gmt":"2026-03-18T08:22:32","slug":"boletin","status":"publish","type":"page","link":"https:\/\/trailerpartner.com\/es\/boletin\/","title":{"rendered":"Boletines"},"content":{"rendered":"<div class=\"wpb-content-wrapper\"><p>[vc_row][vc_column width=\u00bb1\/4&#8243;][\/vc_column][vc_column width=\u00bb1\/2&#8243;][vc_custom_heading text=\u00bbBoletines\u00bb font_container=\u00bbtag:h1|text_align:left|color:%23D03C28&#8243; use_theme_fonts=\u00bbyes\u00bb css=\u00bb\u00bb][vc_column_text css=\u00bb\u00bb woodmart_inline=\u00bbno\u00bb text_larger=\u00bbno\u00bb]<\/p>\n<p class=\"x_MsoNormal\"><span data-olk-copy-source=\"MessageBody\">Recibe las \u00faltimas noticias sobre veh\u00edculos de almac\u00e9n, promociones y productos, antes que nadie.<br \/>\n<\/span>Suscr\u00edbete a nuestro bolet\u00edn y mantente al d\u00eda de las soluciones que optimizan tu transporte y fortalecen tu negocio.<\/p>\n<p class=\"x_MsoNormal\">Inscr\u00edbete hoy y recibe actualizaciones relevantes directamente en tu bandeja de entrada.<\/p>\n<p>[\/vc_column_text][\/vc_column][vc_column width=\u00bb1\/4&#8243;][\/vc_column][\/vc_row][vc_row][vc_column width=\u00bb1\/4&#8243;][\/vc_column][vc_column width=\u00bb1\/2&#8243;]\n\t\t\t<form id=\"sib_signup_form_4\" method=\"post\" class=\"sib_signup_form\">\n\t\t\t\t<div class=\"sib_loader\" style=\"display:none;\"><img\n\t\t\t\t\t\t\tsrc=\"https:\/\/trailerpartner.com\/wp-includes\/images\/spinner.gif\" alt=\"loader\"><\/div>\n\t\t\t\t<input type=\"hidden\" name=\"sib_form_action\" value=\"subscribe_form_submit\">\n\t\t\t\t<input type=\"hidden\" name=\"sib_form_id\" value=\"4\">\n                <input type=\"hidden\" name=\"sib_form_alert_notice\" value=\"Por favor, rellene este campo.\">\n                <input type=\"hidden\" name=\"sib_form_invalid_email_notice\" value=\"Tu direcci\u00f3n de correo electr\u00f3nico no es v\u00e1lida.\">\n                <input type=\"hidden\" name=\"sib_security\" value=\"9674d18fbd\">\n\t\t\t\t<div class=\"sib_signup_box_inside_4\">\n\t\t\t\t\t<div style=\"\/*display:none*\/\" class=\"sib_msg_disp\">\n\t\t\t\t\t<\/div>\n                    \t\t\t\t\t<div class=\"newsletter-form\">\r\n    <div class=\"row\">\r\n        <div style=\"display:none\" class=\"childcol vc_col-lg-4 vc_col-md-4 vc_col-sm-12 vc_col-xs-12\">\r\n            <p class=\"sib-lastname-area\" style=\"display:none\"> \r\n                <input type=\"text\" class=\"sib-lastname-area\" name=\"lastname\" placeholder=\"\"> \r\n            <\/p>\r\n        <\/div>\r\n        <div class=\"childcol vc_col-lg-4 vc_col-md-4 vc_col-sm-12 vc_col-xs-12\">\r\n            <p class=\"sib-FIRSTNAME-area\"> \r\n                <input type=\"text\" class=\"sib-FIRSTNAME-area\" name=\"FIRSTNAME\" required=\"required\" placeholder=\"Nombre*\"> \r\n            <\/p>\r\n        <\/div>\r\n        <div class=\"childcol vc_col-lg-4 vc_col-md-4 vc_col-sm-12 vc_col-xs-12\">\r\n            <p class=\"sib-email-area\"> \r\n                <input type=\"email\" class=\"sib-email-area\" name=\"email\" placeholder=\"Correo electr\u00f3nico*\" value=\"\" required=\"required\"> \r\n            <\/p>\r\n        <\/div>\r\n    <\/div>\r\n    <div class=\"row\">\r\n        <div class=\"childcol vc_col-lg-4 vc_col-md-4 vc_col-sm-12 vc_col-xs-12\">\r\n            <p class=\"sib-COMPANY-area\"> \r\n                <input type=\"text\" class=\"sib-COMPANY-area\" name=\"COMPANY\" placeholder=\"Nombre de la empresa\"> \r\n            <\/p>\r\n        <\/div>\r\n        <div class=\"childcol vc_col-lg-4 vc_col-md-4 vc_col-sm-12 vc_col-xs-12\">\r\n            <div class=\"sib-sms-field\"><div class=\"sib-country-block\"><div class=\"sib-toggle sib-country-flg\"><div class=\"sib-cflags\" style=\"background-image:url(https:\/\/trailerpartner.com\/wp-content\/plugins\/mailin\/img\/flags\/es.png)\"><\/div> <div class=\"sib-icon-arrow\"><\/div><\/div> <\/div><ul class=\"sib-country-list\" style=\"display: none\"><\/ul><input type=\"hidden\" name=\"sib_SMS_prefix\" value=\"+34\"><input type=\"text\" name=\"SMS\" class=\"sib-sms\" value=\"+34\"><\/div>\r\n        <\/div>\r\n    <\/div>\r\n    <div class=\"row\">\r\n        <div style=\"margin-bottom:20px\" class=\"childcol vc_col-lg-12 vc_col-md-12 vc_col-sm-12 vc_col-xs-12\">\r\n            <p style=\"margin-bottom:0px\" class=\"sib-multi-lists-area\">\r\n                <label>Idioma:*<\/label>\r\n            <\/p>\r\n            <div class=\"sib-multi-lists\" data-require=\"required\">\r\n                <div class=\"childcol vc_col-lg-6 vc_col-md-6 vc_col-sm-12 vc_col-xs-12\"><input type=\"checkbox\" class=\"sib-interesting-lists\" value=\"354\" id=\"list-354\" name=\"listIDs[]\"><label class=\"sib-interesting-list-label\" for=\"list-354\"><div class=\"sib-cflags sib-flag-custom\" style=\"background-image:url(https:\/\/trailerpartner.com\/wp-content\/plugins\/mailin\/img\/flags\/es.png)\"><\/div> Espa\u00f1ol<\/label><\/div>\r\n                <div class=\"childcol vc_col-lg-6 vc_col-md-6 vc_col-sm-12 vc_col-xs-12\"><input type=\"checkbox\" class=\"sib-interesting-lists\" value=\"353\" id=\"list-353\" name=\"listIDs[]\"><label class=\"sib-interesting-list-label\" for=\"list-353\"><div class=\"sib-cflags sib-flag-custom\" style=\"background-image:url(https:\/\/trailerpartner.com\/wp-content\/plugins\/mailin\/img\/flags\/de.png)\"><\/div> Deutsch<\/label><\/div>\r\n                <div class=\"childcol vc_col-lg-6 vc_col-md-6 vc_col-sm-12 vc_col-xs-12\"><input type=\"checkbox\" class=\"sib-interesting-lists\" value=\"352\" id=\"list-352\" name=\"listIDs[]\"><label class=\"sib-interesting-list-label\" for=\"list-352\"><div class=\"sib-cflags sib-flag-custom\" style=\"background-image:url(https:\/\/trailerpartner.com\/wp-content\/plugins\/mailin\/img\/flags\/dk.png)\"><\/div> Dansk<\/label><\/div>\r\n                <div class=\"childcol vc_col-lg-6 vc_col-md-6 vc_col-sm-12 vc_col-xs-12\"><input type=\"checkbox\" class=\"sib-interesting-lists\" value=\"351\" id=\"list-351\" name=\"listIDs[]\"><label class=\"sib-interesting-list-label\" for=\"list-351\"><div class=\"sib-cflags sib-flag-custom\" style=\"background-image:url(https:\/\/trailerpartner.com\/wp-content\/plugins\/mailin\/img\/flags\/gb.png)\"><\/div> English<\/label><\/div>\r\n            <\/div>\r\n        <\/div>\r\n    <\/div>\r\n    <div class=\"row\">\r\n        <div class=\"childcol vc_col-lg-2 vc_col-md-2 vc_col-sm-12 vc_col-xs-12\">\r\n            <p> \r\n                <input type=\"submit\" class=\"contact-submit-button sib-default-btn\" name=\"submit\" value=\"Suscr\u00edbete a nuestro bolet\u00edn\"> \r\n            <\/p>\r\n        <\/div>\r\n    <\/div>\r\n<\/div>\t\t\t\t<\/div>\n\t\t\t<\/form>\n\t\t\t<style>\n\t\t\t\t.row { --wd-gap: 20px; --wd-f-basis: 150px; display: flex; flex-wrap: wrap; margin-inline: calc(var(--wd-gap) \/ -2); } .childcol { flex: 1 1 var(--wd-f-basis); padding-inline: calc(var(--wd-gap) \/ 2); } .contact-submit-button { background-color: rgb(208, 60, 40); border-radius: 0px; color: rgb(255, 255, 255); }.contact-submit-button:hover { background-color: rgb(208, 60, 40); border-radius: 0px; color: rgb(255, 255, 255); } .sib-interesting-list-label{ display: inline; margin-bottom: 0px; vertical-align: baseline; } p.sib-FIRSTNAME-area, p.sib-email-area, p.sib-COMPANY-area, p.sib-multi-lists-area { margin-bottom: 7px; }.sib-flag-custom { display: inline-block; height: 19px; width: 19px; background-repeat: no-repeat; vertical-align: middle; }form#sib_signup_form_4 p.sib-alert-message {\n    padding: 6px 12px;\n    margin-bottom: 20px;\n    border: 1px solid transparent;\n    border-radius: 4px;\n    -webkit-box-sizing: border-box;\n    -moz-box-sizing: border-box;\n    box-sizing: border-box;\n}\nform#sib_signup_form_4 p.sib-alert-message-error {\n    background-color: #f2dede;\n    border-color: #ebccd1;\n    color: #a94442;\n}\nform#sib_signup_form_4 p.sib-alert-message-success {\n    background-color: #dff0d8;\n    border-color: #d6e9c6;\n    color: #3c763d;\n}\nform#sib_signup_form_4 p.sib-alert-message-warning {\n    background-color: #fcf8e3;\n    border-color: #faebcc;\n    color: #8a6d3b;\n}\n\t\t\t<\/style>\n\t\t\t[\/vc_column][vc_column width=\u00bb1\/4&#8243;][\/vc_column][\/vc_row]<\/p>\n<\/div>","protected":false},"excerpt":{"rendered":"<p>[vc_row][vc_column width=\u00bb1\/4&#8243;][\/vc_column][vc_column width=\u00bb1\/2&#8243;][vc_custom_heading text=\u00bbBoletines\u00bb font_container=\u00bbtag:h1|text_align:left|color:%23D03C28&#8243; use_theme_fonts=\u00bbyes\u00bb css=\u00bb\u00bb][vc_column_text css=\u00bb\u00bb woodmart_inline=\u00bbno\u00bb text_larger=\u00bbno\u00bb] Recibe las \u00faltimas noticias sobre veh\u00edculos de almac\u00e9n, promociones y<\/p>\n","protected":false},"author":5,"featured_media":0,"parent":0,"menu_order":0,"comment_status":"closed","ping_status":"closed","template":"","meta":{"footnotes":""},"class_list":["post-258943","page","type-page","status-publish","hentry"],"yoast_head":"<!-- This site is optimized with the Yoast SEO plugin v26.0 - https:\/\/yoast.com\/wordpress\/plugins\/seo\/ -->\n<title>Boletines - Trailerpartner<\/title>\n<meta name=\"robots\" content=\"noindex, nofollow\" \/>\n<meta property=\"og:locale\" content=\"es_ES\" \/>\n<meta property=\"og:type\" content=\"article\" \/>\n<meta property=\"og:title\" content=\"Boletines - Trailerpartner\" \/>\n<meta property=\"og:description\" content=\"[vc_row][vc_column width=\u00bb1\/4&#8243;][\/vc_column][vc_column width=\u00bb1\/2&#8243;][vc_custom_heading text=\u00bbBoletines\u00bb font_container=\u00bbtag:h1|text_align:left|color:%23D03C28&#8243; use_theme_fonts=\u00bbyes\u00bb css=\u00bb\u00bb][vc_column_text css=\u00bb\u00bb woodmart_inline=\u00bbno\u00bb text_larger=\u00bbno\u00bb] Recibe las \u00faltimas noticias sobre veh\u00edculos de almac\u00e9n, promociones y\" \/>\n<meta property=\"og:url\" content=\"https:\/\/trailerpartner.com\/es\/boletin\/\" \/>\n<meta property=\"og:site_name\" content=\"Trailerpartner\" \/>\n<meta property=\"article:publisher\" content=\"https:\/\/www.facebook.com\/trailerpartner\" \/>\n<meta property=\"article:modified_time\" content=\"2026-03-18T08:22:32+00:00\" \/>\n<script type=\"application\/ld+json\" class=\"yoast-schema-graph\">{\"@context\":\"https:\/\/schema.org\",\"@graph\":[{\"@type\":\"WebPage\",\"@id\":\"https:\/\/trailerpartner.com\/es\/boletin\/\",\"url\":\"https:\/\/trailerpartner.com\/es\/boletin\/\",\"name\":\"Boletines - Trailerpartner\",\"isPartOf\":{\"@id\":\"https:\/\/www.trailerpartner.com\/#website\"},\"datePublished\":\"2025-03-03T12:26:10+00:00\",\"dateModified\":\"2026-03-18T08:22:32+00:00\",\"breadcrumb\":{\"@id\":\"https:\/\/trailerpartner.com\/es\/boletin\/#breadcrumb\"},\"inLanguage\":\"es\",\"potentialAction\":[{\"@type\":\"ReadAction\",\"target\":[\"https:\/\/trailerpartner.com\/es\/boletin\/\"]}]},{\"@type\":\"BreadcrumbList\",\"@id\":\"https:\/\/trailerpartner.com\/es\/boletin\/#breadcrumb\",\"itemListElement\":[{\"@type\":\"ListItem\",\"position\":1,\"name\":\"Hjem\",\"item\":\"https:\/\/ec2-3-74-200-234.eu-central-1.compute.amazonaws.com\/es\/\"},{\"@type\":\"ListItem\",\"position\":2,\"name\":\"Boletines\"}]},{\"@type\":\"WebSite\",\"@id\":\"https:\/\/www.trailerpartner.com\/#website\",\"url\":\"https:\/\/www.trailerpartner.com\/\",\"name\":\"Trailerpartner\",\"description\":\"\",\"publisher\":{\"@id\":\"https:\/\/www.trailerpartner.com\/#organization\"},\"potentialAction\":[{\"@type\":\"SearchAction\",\"target\":{\"@type\":\"EntryPoint\",\"urlTemplate\":\"https:\/\/www.trailerpartner.com\/?s={search_term_string}\"},\"query-input\":{\"@type\":\"PropertyValueSpecification\",\"valueRequired\":true,\"valueName\":\"search_term_string\"}}],\"inLanguage\":\"es\"},{\"@type\":\"Organization\",\"@id\":\"https:\/\/www.trailerpartner.com\/#organization\",\"name\":\"Trailerpartner\",\"url\":\"https:\/\/www.trailerpartner.com\/\",\"logo\":{\"@type\":\"ImageObject\",\"inLanguage\":\"es\",\"@id\":\"https:\/\/www.trailerpartner.com\/#\/schema\/logo\/image\/\",\"url\":\"https:\/\/trailerpartner.com\/wp-content\/uploads\/2023\/09\/logo-svg.svg\",\"contentUrl\":\"https:\/\/trailerpartner.com\/wp-content\/uploads\/2023\/09\/logo-svg.svg\",\"width\":1128,\"height\":273,\"caption\":\"Trailerpartner\"},\"image\":{\"@id\":\"https:\/\/www.trailerpartner.com\/#\/schema\/logo\/image\/\"},\"sameAs\":[\"https:\/\/www.facebook.com\/trailerpartner\"]}]}<\/script>\n<!-- \/ Yoast SEO plugin. -->","yoast_head_json":{"title":"Boletines - Trailerpartner","robots":{"index":"noindex","follow":"nofollow"},"og_locale":"es_ES","og_type":"article","og_title":"Boletines - Trailerpartner","og_description":"[vc_row][vc_column width=\u00bb1\/4&#8243;][\/vc_column][vc_column width=\u00bb1\/2&#8243;][vc_custom_heading text=\u00bbBoletines\u00bb font_container=\u00bbtag:h1|text_align:left|color:%23D03C28&#8243; use_theme_fonts=\u00bbyes\u00bb css=\u00bb\u00bb][vc_column_text css=\u00bb\u00bb woodmart_inline=\u00bbno\u00bb text_larger=\u00bbno\u00bb] Recibe las \u00faltimas noticias sobre veh\u00edculos de almac\u00e9n, promociones y","og_url":"https:\/\/trailerpartner.com\/es\/boletin\/","og_site_name":"Trailerpartner","article_publisher":"https:\/\/www.facebook.com\/trailerpartner","article_modified_time":"2026-03-18T08:22:32+00:00","schema":{"@context":"https:\/\/schema.org","@graph":[{"@type":"WebPage","@id":"https:\/\/trailerpartner.com\/es\/boletin\/","url":"https:\/\/trailerpartner.com\/es\/boletin\/","name":"Boletines - Trailerpartner","isPartOf":{"@id":"https:\/\/www.trailerpartner.com\/#website"},"datePublished":"2025-03-03T12:26:10+00:00","dateModified":"2026-03-18T08:22:32+00:00","breadcrumb":{"@id":"https:\/\/trailerpartner.com\/es\/boletin\/#breadcrumb"},"inLanguage":"es","potentialAction":[{"@type":"ReadAction","target":["https:\/\/trailerpartner.com\/es\/boletin\/"]}]},{"@type":"BreadcrumbList","@id":"https:\/\/trailerpartner.com\/es\/boletin\/#breadcrumb","itemListElement":[{"@type":"ListItem","position":1,"name":"Hjem","item":"https:\/\/ec2-3-74-200-234.eu-central-1.compute.amazonaws.com\/es\/"},{"@type":"ListItem","position":2,"name":"Boletines"}]},{"@type":"WebSite","@id":"https:\/\/www.trailerpartner.com\/#website","url":"https:\/\/www.trailerpartner.com\/","name":"Trailerpartner","description":"","publisher":{"@id":"https:\/\/www.trailerpartner.com\/#organization"},"potentialAction":[{"@type":"SearchAction","target":{"@type":"EntryPoint","urlTemplate":"https:\/\/www.trailerpartner.com\/?s={search_term_string}"},"query-input":{"@type":"PropertyValueSpecification","valueRequired":true,"valueName":"search_term_string"}}],"inLanguage":"es"},{"@type":"Organization","@id":"https:\/\/www.trailerpartner.com\/#organization","name":"Trailerpartner","url":"https:\/\/www.trailerpartner.com\/","logo":{"@type":"ImageObject","inLanguage":"es","@id":"https:\/\/www.trailerpartner.com\/#\/schema\/logo\/image\/","url":"https:\/\/trailerpartner.com\/wp-content\/uploads\/2023\/09\/logo-svg.svg","contentUrl":"https:\/\/trailerpartner.com\/wp-content\/uploads\/2023\/09\/logo-svg.svg","width":1128,"height":273,"caption":"Trailerpartner"},"image":{"@id":"https:\/\/www.trailerpartner.com\/#\/schema\/logo\/image\/"},"sameAs":["https:\/\/www.facebook.com\/trailerpartner"]}]}},"_links":{"self":[{"href":"https:\/\/trailerpartner.com\/es\/wp-json\/wp\/v2\/pages\/258943","targetHints":{"allow":["GET"]}}],"collection":[{"href":"https:\/\/trailerpartner.com\/es\/wp-json\/wp\/v2\/pages"}],"about":[{"href":"https:\/\/trailerpartner.com\/es\/wp-json\/wp\/v2\/types\/page"}],"author":[{"embeddable":true,"href":"https:\/\/trailerpartner.com\/es\/wp-json\/wp\/v2\/users\/5"}],"replies":[{"embeddable":true,"href":"https:\/\/trailerpartner.com\/es\/wp-json\/wp\/v2\/comments?post=258943"}],"version-history":[{"count":6,"href":"https:\/\/trailerpartner.com\/es\/wp-json\/wp\/v2\/pages\/258943\/revisions"}],"predecessor-version":[{"id":263603,"href":"https:\/\/trailerpartner.com\/es\/wp-json\/wp\/v2\/pages\/258943\/revisions\/263603"}],"wp:attachment":[{"href":"https:\/\/trailerpartner.com\/es\/wp-json\/wp\/v2\/media?parent=258943"}],"curies":[{"name":"wp","href":"https:\/\/api.w.org\/{rel}","templated":true}]}}